{"id":1798,"date":"2021-07-27T08:49:38","date_gmt":"2021-07-27T08:49:38","guid":{"rendered":"https:\/\/www.batchlab.de\/?page_id=1798"},"modified":"2021-07-27T11:44:42","modified_gmt":"2021-07-27T11:44:42","slug":"vorort-besichtigung","status":"publish","type":"page","link":"https:\/\/www.batchlab.de\/?page_id=1798","title":{"rendered":"Vorf\u00fchrung \/ Besichtigung"},"content":{"rendered":"<p>[vc_row full_width=&#8221;stretch_row_content_no_spaces&#8221;][vc_column][singarasection css=&#8221;.vc_custom_1526464007297{padding-top: 95px !important;padding-bottom: 40px !important;}&#8221;][vc_row_inner][vc_column_inner width=&#8221;1\/2&#8243; css=&#8221;.vc_custom_1526463990871{padding-right: 15px !important;padding-bottom: 50px !important;padding-left: 15px !important;}&#8221;][vc_column_text]Gerne f\u00fchren wir Ihnen unsere IT L\u00f6sung vor.<\/p>\n<p>Vorrangig laden wir hierzu Labore sowie Zahntechniker hierzu ein.<\/p>\n<p>Aber auch deren Partner IT Systemh\u00e4user sind herzlich eingeladen.[\/vc_column_text][vc_separator el_width=&#8221;50&#8243;][vc_column_text]F\u00fcr eine kostenlose Vorf\u00fchrung ben\u00f6tigen wir einige Informationen \u00fcber Sie bzw. Ihr Unternehmen.<\/p>\n<p>Nach Eingabe und Versand Ihrer Daten erhalten Sie nach pers\u00f6nlicher Pr\u00fcfung Ihrer Angaben eine Best\u00e4tigung inkl. einer auf Ihre Daten abgestimmte Vertraulichkeitsvereinbarung. Diese muss von Ihnen unterzeichnet und an uns zur\u00fcckgesendet werden &#8211; antworten Sie hierzu einfach auf die Best\u00e4tigungs-Mail.<\/p>\n<p>Danach simmen wir kurzfristig mit Ihnen einen Termin ab.<\/p>\n<p>Vielen Dank f\u00fcr Ihr Interesse.[\/vc_column_text][\/vc_column_inner][vc_column_inner width=&#8221;1\/2&#8243; css=&#8221;.vc_custom_1526463998674{padding-right: 15px !important;padding-bottom: 60px !important;padding-left: 15px !important;}&#8221;][singarasingleimg style=&#8221;border&#8221; img=&#8221;392&#8243; animation=&#8221;fadeInUp&#8221;][\/vc_column_inner][\/vc_row_inner][\/singarasection][\/vc_column][\/vc_row][vc_row][vc_column width=&#8221;1\/3&#8243;][\/vc_column][vc_column width=&#8221;1\/3&#8243;]\n<div class=\"wpcf7 no-js\" id=\"wpcf7-f1797-o1\" lang=\"de-DE\" dir=\"ltr\" data-wpcf7-id=\"1797\">\n<div class=\"screen-reader-response\"><p role=\"status\" aria-live=\"polite\" aria-atomic=\"true\"><\/p> <ul><\/ul><\/div>\n<form action=\"\/index.php?rest_route=%2Fwp%2Fv2%2Fpages%2F1798#wpcf7-f1797-o1\" method=\"post\" class=\"wpcf7-form init\" aria-label=\"Kontaktformular\" enctype=\"multipart\/form-data\" novalidate=\"novalidate\" data-status=\"init\">\n<fieldset class=\"hidden-fields-container\"><input type=\"hidden\" name=\"_wpcf7\" value=\"1797\" \/><input type=\"hidden\" name=\"_wpcf7_version\" value=\"6.1.5\" \/><input type=\"hidden\" name=\"_wpcf7_locale\" value=\"de_DE\" \/><input type=\"hidden\" name=\"_wpcf7_unit_tag\" value=\"wpcf7-f1797-o1\" \/><input type=\"hidden\" name=\"_wpcf7_container_post\" value=\"0\" \/><input type=\"hidden\" name=\"_wpcf7_posted_data_hash\" value=\"\" \/>\n<\/fieldset>\n<p><label> Firmenbezeichnung*<br \/>\n<span class=\"wpcf7-form-control-wrap\" data-name=\"your-VFirma\"><input size=\"40\" maxlength=\"400\" class=\"wpcf7-form-control wpcf7-text wpcf7-validates-as-required\" aria-required=\"true\" aria-invalid=\"false\" value=\"\" type=\"text\" name=\"your-VFirma\" \/><\/span> <\/label>\n<\/p>\n<p><label> Anrede*<br \/>\n<span class=\"wpcf7-form-control-wrap\" data-name=\"your-VAnrede\"><input size=\"40\" maxlength=\"400\" class=\"wpcf7-form-control wpcf7-text wpcf7-validates-as-required\" aria-required=\"true\" aria-invalid=\"false\" value=\"\" type=\"text\" name=\"your-VAnrede\" \/><\/span> <\/label>\n<\/p>\n<p><label> Vor- und Zuname*<br \/>\n<span class=\"wpcf7-form-control-wrap\" data-name=\"your-VName\"><input size=\"40\" maxlength=\"400\" class=\"wpcf7-form-control wpcf7-text wpcf7-validates-as-required\" aria-required=\"true\" aria-invalid=\"false\" value=\"\" type=\"text\" name=\"your-VName\" \/><\/span> <\/label>\n<\/p>\n<p><label> Rufnummer f\u00fcr etwaige R\u00fcckfragen*<br \/>\n<span class=\"wpcf7-form-control-wrap\" data-name=\"your-VTelefon\"><input size=\"40\" maxlength=\"400\" class=\"wpcf7-form-control wpcf7-text wpcf7-validates-as-required\" aria-required=\"true\" aria-invalid=\"false\" value=\"\" type=\"text\" name=\"your-VTelefon\" \/><\/span> <\/label>\n<\/p>\n<p><label> Strasse + Nr.*<br \/>\n<span class=\"wpcf7-form-control-wrap\" data-name=\"your-VStrasse\"><input size=\"40\" maxlength=\"400\" class=\"wpcf7-form-control wpcf7-text wpcf7-validates-as-required\" aria-required=\"true\" aria-invalid=\"false\" value=\"\" type=\"text\" name=\"your-VStrasse\" \/><\/span> <\/label>\n<\/p>\n<p><label> PLZ*<br \/>\n<span class=\"wpcf7-form-control-wrap\" data-name=\"your-VPlz\"><input size=\"40\" maxlength=\"400\" class=\"wpcf7-form-control wpcf7-text wpcf7-validates-as-required\" aria-required=\"true\" aria-invalid=\"false\" value=\"\" type=\"text\" name=\"your-VPlz\" \/><\/span> <\/label>\n<\/p>\n<p><label> Ort*<br \/>\n<span class=\"wpcf7-form-control-wrap\" data-name=\"your-VOrt\"><input size=\"40\" maxlength=\"400\" class=\"wpcf7-form-control wpcf7-text wpcf7-validates-as-required\" aria-required=\"true\" aria-invalid=\"false\" value=\"\" type=\"text\" name=\"your-VOrt\" \/><\/span> <\/label>\n<\/p>\n<p><label> E-Mail-Adresse*<br \/>\n<span class=\"wpcf7-form-control-wrap\" data-name=\"your-VEmail\"><input size=\"40\" maxlength=\"400\" class=\"wpcf7-form-control wpcf7-email wpcf7-validates-as-required wpcf7-text wpcf7-validates-as-email\" aria-required=\"true\" aria-invalid=\"false\" value=\"\" type=\"email\" name=\"your-VEmail\" \/><\/span> <\/label>\n<\/p>\n<p><label> Internetadresse*<br \/>\n<span class=\"wpcf7-form-control-wrap\" data-name=\"your-VUrl\"><input size=\"40\" maxlength=\"400\" class=\"wpcf7-form-control wpcf7-text wpcf7-validates-as-required\" aria-required=\"true\" aria-invalid=\"false\" value=\"\" type=\"text\" name=\"your-VUrl\" \/><\/span> <\/label><br \/>\n<label><br \/>\n* Pflichtfelder<br \/>\n<\/label><label><br \/>\n<\/label><label><br \/>\n<\/label><label>Kopie Ihres Gewerbescheins:<br \/>\n<span class=\"wpcf7-form-control-wrap\" data-name=\"VDatei\"><input size=\"40\" class=\"wpcf7-form-control wpcf7-file wpcf7-validates-as-required\" accept=\".pdf,.jpg\" aria-required=\"true\" aria-invalid=\"false\" type=\"file\" name=\"VDatei\" \/><\/span><br \/>\n<\/label><label><br \/>\n<\/label><label><br \/>\n<span class=\"wpcf7-form-control-wrap\" data-name=\"VZustimmung1\"><span class=\"wpcf7-form-control wpcf7-acceptance\"><span class=\"wpcf7-list-item\"><label><input type=\"checkbox\" name=\"VZustimmung1\" value=\"1\" aria-invalid=\"false\" \/><span class=\"wpcf7-list-item-label\">Ich best\u00e4tige hiermit, dass ich der Datenschutzgrundverordnung der Firma HACE zu stimme und bin im Rahmen f\u00fcr die Besichtigung erforderlichen Verarbeitung meiner Daten einverstanden bin. Hierzu geh\u00f6rt auch der notwendige Datenaustausch mit dem Partner-Labor der Zahntechnik Marcus Siepermann.<\/span><\/label><\/span><\/span><\/span><br \/>\n<span class=\"wpcf7-form-control-wrap\" data-name=\"VZustimmung2\"><span class=\"wpcf7-form-control wpcf7-acceptance\"><span class=\"wpcf7-list-item\"><label><input type=\"checkbox\" name=\"VZustimmung2\" value=\"1\" aria-invalid=\"false\" \/><span class=\"wpcf7-list-item-label\">Ich best\u00e4tige weiterhin, dass ich mich als Besucher bei der anstehenden Vorf\u00fchrung an die Verhaltensrichtlinien der Firma HACE uneingeschr\u00e4nkt halten bzw. Folge leisten werde. Eine genaue Auflistung, was bzw. was nicht erlaubt ist, wird mir per Mail vor der Vorf\u00fchrung zugeschickt. Falls ich mit der Auflistung nicht einverstanden bin, darf ich an der Vorf\u00fchrung nicht teilnehmen.<\/span><\/label><\/span><\/span><\/span><br \/>\n<span class=\"wpcf7-form-control-wrap\" data-name=\"VZustimmung3\"><span class=\"wpcf7-form-control wpcf7-acceptance\"><span class=\"wpcf7-list-item\"><label><input type=\"checkbox\" name=\"VZustimmung3\" value=\"1\" aria-invalid=\"false\" \/><span class=\"wpcf7-list-item-label\">Ich best\u00e4tige weiterhin, dass anhand meiner Angaben eine auf mich bzw. auf mein Unternehmen abgestimmte Vertraulichkeitsvereinbarung erstellt und per Mail zugesendet wird. Diese habe ich dann kurzfristig zu unterzeichnen und zur\u00fcckzuschicken. Mir ist bewusst, dass dies freiwillig ist, jedoch ohne die Unterzeichnung sowie vorherigen Bereitstellung dieser Unterlagen darf ich an der Veranstaltung nicht teilnehmen.<\/span><\/label><\/span><\/span><\/span><br \/>\n<input class=\"wpcf7-form-control wpcf7-submit has-spinner\" type=\"submit\" value=\"senden\" \/><\/label>\n<\/p><div class=\"wpcf7-response-output\" aria-hidden=\"true\"><\/div>\n<\/form>\n<\/div>\n[\/vc_column][vc_column width=&#8221;1\/3&#8243;][\/vc_column][\/vc_row][vc_row][vc_column][vc_empty_space height=&#8221;50px&#8221;][\/vc_column][\/vc_row]<\/p>\n","protected":false},"excerpt":{"rendered":"<p>[vc_row full_width=&#8221;stretch_row_content_no_spaces&#8221;][vc_column][singarasection css=&#8221;.vc_custom_1526464007297{padding-top: 95px !important;padding-bottom: 40px !important;}&#8221;][vc_row_inner][vc_column_inner width=&#8221;1\/2&#8243; css=&#8221;.vc_custom_1526463990871{padding-right: 15px !important;padding-bottom: 50px !important;padding-left: 15px !important;}&#8221;][vc_column_text]Gerne f\u00fchren wir Ihnen unsere IT L\u00f6sung vor. Vorrangig laden wir hierzu Labore sowie Zahntechniker hierzu ein. Aber auch deren Partner IT Systemh\u00e4user sind herzlich eingeladen.[\/vc_column_text][vc_separator el_width=&#8221;50&#8243;][vc_column_text]F\u00fcr eine kostenlose Vorf\u00fchrung ben\u00f6tigen wir einige Informationen \u00fcber Sie bzw. Ihr Unternehmen. Nach Eingabe [&hellip;]<\/p>\n","protected":false},"author":1,"featured_media":0,"parent":0,"menu_order":0,"comment_status":"closed","ping_status":"closed","template":"template-builder.php","meta":{"footnotes":""},"class_list":["post-1798","page","type-page","status-publish","hentry"],"_links":{"self":[{"href":"https:\/\/www.batchlab.de\/index.php?rest_route=\/wp\/v2\/pages\/1798","targetHints":{"allow":["GET"]}}],"collection":[{"href":"https:\/\/www.batchlab.de\/index.php?rest_route=\/wp\/v2\/pages"}],"about":[{"href":"https:\/\/www.batchlab.de\/index.php?rest_route=\/wp\/v2\/types\/page"}],"author":[{"embeddable":true,"href":"https:\/\/www.batchlab.de\/index.php?rest_route=\/wp\/v2\/users\/1"}],"replies":[{"embeddable":true,"href":"https:\/\/www.batchlab.de\/index.php?rest_route=%2Fwp%2Fv2%2Fcomments&post=1798"}],"version-history":[{"count":7,"href":"https:\/\/www.batchlab.de\/index.php?rest_route=\/wp\/v2\/pages\/1798\/revisions"}],"predecessor-version":[{"id":1810,"href":"https:\/\/www.batchlab.de\/index.php?rest_route=\/wp\/v2\/pages\/1798\/revisions\/1810"}],"wp:attachment":[{"href":"https:\/\/www.batchlab.de\/index.php?rest_route=%2Fwp%2Fv2%2Fmedia&parent=1798"}],"curies":[{"name":"wp","href":"https:\/\/api.w.org\/{rel}","templated":true}]}}