{"id":1743,"date":"2021-07-04T12:44:01","date_gmt":"2021-07-04T12:44:01","guid":{"rendered":"https:\/\/www.batchlab.de\/?page_id=1743"},"modified":"2021-07-05T05:34:07","modified_gmt":"2021-07-05T05:34:07","slug":"rechtliche-hinweise","status":"publish","type":"page","link":"https:\/\/www.batchlab.de\/?page_id=1743","title":{"rendered":"Rechtliche Hinweise"},"content":{"rendered":"<p>[vc_row][vc_column width=&#8221;1\/4&#8243;][\/vc_column][vc_column width=&#8221;5\/12&#8243; css=&#8221;.vc_custom_1625463206142{padding-bottom: 100px !important;padding-left: 80px !important;}&#8221;][singaratextblock]Wir pr\u00fcfen und aktualisieren die Informationen auf dieser Webseite st\u00e4ndig. Trotz aller Sorgfalt k\u00f6nnen sich die Daten inzwischen ver\u00e4ndert haben. Eine Haftung oder Garantie f\u00fcr die Aktualit\u00e4t, Richtigkeit und Vollst\u00e4ndigkeit der zur Verf\u00fcgung gestellten Informationen kann daher nicht \u00fcbernommen werden. Gleiches gilt auch f\u00fcr alle anderen Webseiten, auf die mittels Hyperlink verwiesen wird. HACE ist f\u00fcr den Inhalt der Webseiten, die aufgrund einer solchen Verbindung erreicht werden, nicht verantwortlich.<\/p>\n<p>Des Weiteren behalten wir uns das Recht vor, \u00c4nderungen oder Erg\u00e4nzungen der bereitgestellten Informationen jederzeit vorzunehmen.<\/p>\n<p>Die Inhalte und Struktur dieser Webseite sind urheberrechtlich gesch\u00fctzt. Die Vervielf\u00e4ltigung von Informationen oder Daten, insbesondere die Verwendung von Texten, Textteilen oder Bildmaterial, bedarf der vorherigen Zustimmung durch uns.[\/singaratextblock][\/vc_column][vc_column width=&#8221;1\/3&#8243;][\/vc_column][\/vc_row]<\/p>\n","protected":false},"excerpt":{"rendered":"<p>[vc_row][vc_column width=&#8221;1\/4&#8243;][\/vc_column][vc_column width=&#8221;5\/12&#8243; css=&#8221;.vc_custom_1625463206142{padding-bottom: 100px !important;padding-left: 80px !important;}&#8221;][singaratextblock]Wir pr\u00fcfen und aktualisieren die Informationen auf dieser Webseite st\u00e4ndig. Trotz aller Sorgfalt k\u00f6nnen sich die Daten inzwischen ver\u00e4ndert haben. Eine Haftung oder Garantie f\u00fcr die Aktualit\u00e4t, Richtigkeit und Vollst\u00e4ndigkeit der zur Verf\u00fcgung gestellten Informationen kann daher nicht \u00fcbernommen werden. Gleiches gilt auch f\u00fcr alle anderen Webseiten, auf [&hellip;]<\/p>\n","protected":false},"author":1,"featured_media":0,"parent":0,"menu_order":0,"comment_status":"closed","ping_status":"closed","template":"template-builder.php","meta":{"footnotes":""},"class_list":["post-1743","page","type-page","status-publish","hentry"],"_links":{"self":[{"href":"https:\/\/www.batchlab.de\/index.php?rest_route=\/wp\/v2\/pages\/1743","targetHints":{"allow":["GET"]}}],"collection":[{"href":"https:\/\/www.batchlab.de\/index.php?rest_route=\/wp\/v2\/pages"}],"about":[{"href":"https:\/\/www.batchlab.de\/index.php?rest_route=\/wp\/v2\/types\/page"}],"author":[{"embeddable":true,"href":"https:\/\/www.batchlab.de\/index.php?rest_route=\/wp\/v2\/users\/1"}],"replies":[{"embeddable":true,"href":"https:\/\/www.batchlab.de\/index.php?rest_route=%2Fwp%2Fv2%2Fcomments&post=1743"}],"version-history":[{"count":6,"href":"https:\/\/www.batchlab.de\/index.php?rest_route=\/wp\/v2\/pages\/1743\/revisions"}],"predecessor-version":[{"id":1770,"href":"https:\/\/www.batchlab.de\/index.php?rest_route=\/wp\/v2\/pages\/1743\/revisions\/1770"}],"wp:attachment":[{"href":"https:\/\/www.batchlab.de\/index.php?rest_route=%2Fwp%2Fv2%2Fmedia&parent=1743"}],"curies":[{"name":"wp","href":"https:\/\/api.w.org\/{rel}","templated":true}]}}