{"id":1653,"date":"2021-06-27T17:10:06","date_gmt":"2021-06-27T17:10:06","guid":{"rendered":"https:\/\/www.batchlab.de\/?page_id=1653"},"modified":"2021-06-27T17:10:18","modified_gmt":"2021-06-27T17:10:18","slug":"antivirus-2","status":"publish","type":"page","link":"https:\/\/www.batchlab.de\/?page_id=1653","title":{"rendered":"Surveillance"},"content":{"rendered":"<p>[vc_row full_width=&#8221;stretch_row_content_no_spaces&#8221;][vc_column][singarasection css=&#8221;.vc_custom_1526464007297{padding-top: 95px !important;padding-bottom: 40px !important;}&#8221;][vc_row_inner][vc_column_inner width=&#8221;1\/2&#8243; css=&#8221;.vc_custom_1526463990871{padding-right: 15px !important;padding-bottom: 50px !important;padding-left: 15px !important;}&#8221;][vc_column_text]Wir bieten ein neuartiges \u00dcberwachungssystem an, welches flexibel mit Ihrem Gewerbe &#8220;mitwachsen&#8221; kann und das zu moderaten Preisen!<\/p>\n<p>Die Aufzeichnung erfolgt grunds\u00e4tzlich mindestens in HD Qualit\u00e4t (ganz gleich ob im Tageslicht oder in v\u00f6lliger Dunkelheit!) und erfolgt online direkt in unser Rechenzentrum.<\/p>\n<p>Einbruchgefahr, Diebstahl oder gar Zerst\u00f6rung der Kameras sind daher kein Grund, dass das aufgezeichnete Material ebenfalls &#8220;mit verschwindet&#8221;.<\/p>\n<p>&nbsp;<\/p>\n<p>Gerade bei versicherungstechnischen Angelegenheiten ist es wichtig, hier das Material schnellstm\u00f6glich bereitzustellen, damit eindeutig gekl\u00e4rt werden kann, wie der Schaden entstanden ist.[\/vc_column_text][\/vc_column_inner][vc_column_inner width=&#8221;1\/2&#8243; css=&#8221;.vc_custom_1526463998674{padding-right: 15px !important;padding-bottom: 60px !important;padding-left: 15px !important;}&#8221;][singarasingleimg style=&#8221;border&#8221; img=&#8221;1654&#8243; animation=&#8221;fadeInUp&#8221;][\/vc_column_inner][\/vc_row_inner][\/singarasection][\/vc_column][\/vc_row]<\/p>\n","protected":false},"excerpt":{"rendered":"<p>[vc_row full_width=&#8221;stretch_row_content_no_spaces&#8221;][vc_column][singarasection css=&#8221;.vc_custom_1526464007297{padding-top: 95px !important;padding-bottom: 40px !important;}&#8221;][vc_row_inner][vc_column_inner width=&#8221;1\/2&#8243; css=&#8221;.vc_custom_1526463990871{padding-right: 15px !important;padding-bottom: 50px !important;padding-left: 15px !important;}&#8221;][vc_column_text]Wir bieten ein neuartiges \u00dcberwachungssystem an, welches flexibel mit Ihrem Gewerbe &#8220;mitwachsen&#8221; kann und das zu moderaten Preisen! Die Aufzeichnung erfolgt grunds\u00e4tzlich mindestens in HD Qualit\u00e4t (ganz gleich ob im Tageslicht oder in v\u00f6lliger Dunkelheit!) und erfolgt online direkt in unser [&hellip;]<\/p>\n","protected":false},"author":1,"featured_media":0,"parent":0,"menu_order":0,"comment_status":"closed","ping_status":"closed","template":"template-builder.php","meta":{"footnotes":""},"class_list":["post-1653","page","type-page","status-publish","hentry"],"_links":{"self":[{"href":"https:\/\/www.batchlab.de\/index.php?rest_route=\/wp\/v2\/pages\/1653","targetHints":{"allow":["GET"]}}],"collection":[{"href":"https:\/\/www.batchlab.de\/index.php?rest_route=\/wp\/v2\/pages"}],"about":[{"href":"https:\/\/www.batchlab.de\/index.php?rest_route=\/wp\/v2\/types\/page"}],"author":[{"embeddable":true,"href":"https:\/\/www.batchlab.de\/index.php?rest_route=\/wp\/v2\/users\/1"}],"replies":[{"embeddable":true,"href":"https:\/\/www.batchlab.de\/index.php?rest_route=%2Fwp%2Fv2%2Fcomments&post=1653"}],"version-history":[{"count":2,"href":"https:\/\/www.batchlab.de\/index.php?rest_route=\/wp\/v2\/pages\/1653\/revisions"}],"predecessor-version":[{"id":1656,"href":"https:\/\/www.batchlab.de\/index.php?rest_route=\/wp\/v2\/pages\/1653\/revisions\/1656"}],"wp:attachment":[{"href":"https:\/\/www.batchlab.de\/index.php?rest_route=%2Fwp%2Fv2%2Fmedia&parent=1653"}],"curies":[{"name":"wp","href":"https:\/\/api.w.org\/{rel}","templated":true}]}}