{"id":1649,"date":"2021-06-27T15:56:40","date_gmt":"2021-06-27T15:56:40","guid":{"rendered":"https:\/\/www.batchlab.de\/?page_id=1649"},"modified":"2021-06-27T16:58:08","modified_gmt":"2021-06-27T16:58:08","slug":"ssl-highway","status":"publish","type":"page","link":"https:\/\/www.batchlab.de\/?page_id=1649","title":{"rendered":"SSL Highway"},"content":{"rendered":"<p>[vc_row full_width=&#8221;stretch_row_content_no_spaces&#8221;][vc_column][singarasection css=&#8221;.vc_custom_1526464007297{padding-top: 95px !important;padding-bottom: 40px !important;}&#8221;][vc_row_inner][vc_column_inner width=&#8221;1\/2&#8243; css=&#8221;.vc_custom_1526463990871{padding-right: 15px !important;padding-bottom: 50px !important;padding-left: 15px !important;}&#8221;][vc_column_text]Einige Betriebe, wie z.B. Wirtschaftskanzleien oder medizinisch orientierte Praxen arbeiten mit sensiblen Daten. Manchmal auch in Koopperation mit anderen Betrieben.<\/p>\n<p>Die Handhabe, wichtige Daten per USB Stick pers\u00f6nlich zu \u00fcberreichen, st\u00f6rt viele Betriebe und die meisten von Ihnen denken: es geht nicht anders.<\/p>\n<p>&nbsp;<\/p>\n<p><span style=\"color: #c00000;\">Und genau da setzt unsere L\u00f6sung an<\/span><\/p>\n<p>Auf militstandard, verschl\u00fcsselte -Punkt-zu-Punkt Verbindung &#8211; nur zwischen den kooperierenden Betrieben und auf Wunsch mit mehreren \u00dcberwachungsebenen.<\/p>\n<p>Und erneut zu einem unschlagbaren Preis-Leistungsverh\u00e4ltnis, dass bezahlbar ist.<\/p>\n<p>Sprechen Sie uns gerne an &#8211; wir beraten Sie kompetent und vor allem transparent![\/vc_column_text][\/vc_column_inner][vc_column_inner width=&#8221;1\/2&#8243; css=&#8221;.vc_custom_1526463998674{padding-right: 15px !important;padding-bottom: 60px !important;padding-left: 15px !important;}&#8221;][singarasingleimg style=&#8221;border&#8221; img=&#8221;1650&#8243; animation=&#8221;fadeInUp&#8221;][\/vc_column_inner][\/vc_row_inner][\/singarasection][\/vc_column][\/vc_row]<\/p>\n","protected":false},"excerpt":{"rendered":"<p>[vc_row full_width=&#8221;stretch_row_content_no_spaces&#8221;][vc_column][singarasection css=&#8221;.vc_custom_1526464007297{padding-top: 95px !important;padding-bottom: 40px !important;}&#8221;][vc_row_inner][vc_column_inner width=&#8221;1\/2&#8243; css=&#8221;.vc_custom_1526463990871{padding-right: 15px !important;padding-bottom: 50px !important;padding-left: 15px !important;}&#8221;][vc_column_text]Einige Betriebe, wie z.B. Wirtschaftskanzleien oder medizinisch orientierte Praxen arbeiten mit sensiblen Daten. Manchmal auch in Koopperation mit anderen Betrieben. Die Handhabe, wichtige Daten per USB Stick pers\u00f6nlich zu \u00fcberreichen, st\u00f6rt viele Betriebe und die meisten von Ihnen denken: es geht [&hellip;]<\/p>\n","protected":false},"author":1,"featured_media":0,"parent":0,"menu_order":0,"comment_status":"closed","ping_status":"closed","template":"template-builder.php","meta":{"footnotes":""},"class_list":["post-1649","page","type-page","status-publish","hentry"],"_links":{"self":[{"href":"https:\/\/www.batchlab.de\/index.php?rest_route=\/wp\/v2\/pages\/1649","targetHints":{"allow":["GET"]}}],"collection":[{"href":"https:\/\/www.batchlab.de\/index.php?rest_route=\/wp\/v2\/pages"}],"about":[{"href":"https:\/\/www.batchlab.de\/index.php?rest_route=\/wp\/v2\/types\/page"}],"author":[{"embeddable":true,"href":"https:\/\/www.batchlab.de\/index.php?rest_route=\/wp\/v2\/users\/1"}],"replies":[{"embeddable":true,"href":"https:\/\/www.batchlab.de\/index.php?rest_route=%2Fwp%2Fv2%2Fcomments&post=1649"}],"version-history":[{"count":2,"href":"https:\/\/www.batchlab.de\/index.php?rest_route=\/wp\/v2\/pages\/1649\/revisions"}],"predecessor-version":[{"id":1652,"href":"https:\/\/www.batchlab.de\/index.php?rest_route=\/wp\/v2\/pages\/1649\/revisions\/1652"}],"wp:attachment":[{"href":"https:\/\/www.batchlab.de\/index.php?rest_route=%2Fwp%2Fv2%2Fmedia&parent=1649"}],"curies":[{"name":"wp","href":"https:\/\/api.w.org\/{rel}","templated":true}]}}