{"id":1627,"date":"2021-06-27T09:47:21","date_gmt":"2021-06-27T09:47:21","guid":{"rendered":"https:\/\/www.batchlab.de\/?page_id=1627"},"modified":"2021-06-27T15:44:03","modified_gmt":"2021-06-27T15:44:03","slug":"ds-gvo-cookies","status":"publish","type":"page","link":"https:\/\/www.batchlab.de\/?page_id=1627","title":{"rendered":"DS-GVO &#038; Cookies"},"content":{"rendered":"<p>[vc_row full_width=&#8221;stretch_row_content_no_spaces&#8221;][vc_column][singarasection css=&#8221;.vc_custom_1526464007297{padding-top: 95px !important;padding-bottom: 40px !important;}&#8221;][vc_row_inner][vc_column_inner width=&#8221;1\/2&#8243; css=&#8221;.vc_custom_1526463990871{padding-right: 15px !important;padding-bottom: 50px !important;padding-left: 15px !important;}&#8221;][vc_column_text]Seit Mai 2018 wurde der Datenschutz reformiert. Der Gesetzgeber nimmt hierf\u00fcr Unternehmen als auch Privatpersonen in die Pflicht, die Daten anderer Personen gewissenhaft und nur nach deren Einverst\u00e4ndnis zu verarbeiten.<\/p>\n<p>Wir haben die Erfahrung gemacht, dass jede Person nach einem kl\u00e4renden Gespr\u00e4ch und wegweisende Anpassungen der bisher angefallen, allt\u00e4glichen Abl\u00e4ufe spielend meistern kann:<\/p>\n<p><span style=\"color: #c00000;\">Die Ver\u00e4nderung beginnt allerdings im Kopf selbst!<\/span>[\/vc_column_text][vc_separator el_width=&#8221;40&#8243;][vc_column_text]Wir beraten und setzen ganz im Sinne der aktuell geltenden Fassung der Datenschutzgrundverodnung (DS-GVO)\u00a0 folgende Dienstleistungsspektren um:<\/p>\n<ul>\n<li>Arbeitsvertr\u00e4ge<\/li>\n<li>E-Mail<\/li>\n<li>Kampagnen (politische, schulische, gewerbliche)<\/li>\n<li>Newsletter<\/li>\n<li>Suchmaschinen Dienste<\/li>\n<li>Soziale Netzwerke<\/li>\n<li>\u00dcberwachung<\/li>\n<li>Veranstaltungen (Fotografie &amp; Video)<\/li>\n<li>Videokonferenz Softwarel\u00f6sungen<\/li>\n<li>Webseiten \/ Web Applikationen \/ Software<\/li>\n<\/ul>\n<p>Wir zeigen Ihnen exakt auf, was erlaubt ist und was nicht. Wir helfen Ihnen gerne auch bei der Umsetzung \/ Ausarbeitung entsprechender Vertr\u00e4ge, damit diese gesetzeskonform von beiden Vertragsparteiern unterzeichnet werden k\u00f6nnen.[\/vc_column_text][\/vc_column_inner][vc_column_inner width=&#8221;1\/2&#8243; css=&#8221;.vc_custom_1526463998674{padding-right: 15px !important;padding-bottom: 60px !important;padding-left: 15px !important;}&#8221;][singarasingleimg style=&#8221;border&#8221; img=&#8221;1629&#8243; animation=&#8221;fadeInUp&#8221;][\/vc_column_inner][\/vc_row_inner][vc_column_text]Zum Thema Cookie Policy nimmt der Gesetzgeber ab November 2019 alle Gewerbetreiben, welche eine Webseite besitzen, in die Pflicht, das Sammeln der Daten nur auf eine bestimmte Weise umzusetzen.<\/p>\n<p>Tats\u00e4chlich machen wir auch immer noch t\u00e4gliche Erfahrungen damit, dass abmahnf\u00e4hige als auch rechtswidrige Webseiten online sind und Daten aller Wesbeitenbesucher ohne deren Zustimmung gesammelt. Und das meist ohne das Wissen des Webseitenbetreibers!<\/p>\n<p>Unwissenheit sch\u00fctz auch an dieser Stelle nicht vor einer Strafe. Und die kann richtig teuer ausfallen, wie Gerichtsurteile zu diesem Thema in den letzten 2 Jahren gef\u00e4llt worden sind.<\/p>\n<p>Daher tun SIe sich selbst ein Gefallen und sprechen Sie uns unverbindlich an und wir gehen gemeinsam alles durch.[\/vc_column_text][\/singarasection][\/vc_column][\/vc_row]<\/p>\n","protected":false},"excerpt":{"rendered":"<p>[vc_row full_width=&#8221;stretch_row_content_no_spaces&#8221;][vc_column][singarasection css=&#8221;.vc_custom_1526464007297{padding-top: 95px !important;padding-bottom: 40px !important;}&#8221;][vc_row_inner][vc_column_inner width=&#8221;1\/2&#8243; css=&#8221;.vc_custom_1526463990871{padding-right: 15px !important;padding-bottom: 50px !important;padding-left: 15px !important;}&#8221;][vc_column_text]Seit Mai 2018 wurde der Datenschutz reformiert. Der Gesetzgeber nimmt hierf\u00fcr Unternehmen als auch Privatpersonen in die Pflicht, die Daten anderer Personen gewissenhaft und nur nach deren Einverst\u00e4ndnis zu verarbeiten. Wir haben die Erfahrung gemacht, dass jede Person nach einem kl\u00e4renden [&hellip;]<\/p>\n","protected":false},"author":1,"featured_media":0,"parent":0,"menu_order":0,"comment_status":"closed","ping_status":"closed","template":"template-builder.php","meta":{"footnotes":""},"class_list":["post-1627","page","type-page","status-publish","hentry"],"_links":{"self":[{"href":"https:\/\/www.batchlab.de\/index.php?rest_route=\/wp\/v2\/pages\/1627","targetHints":{"allow":["GET"]}}],"collection":[{"href":"https:\/\/www.batchlab.de\/index.php?rest_route=\/wp\/v2\/pages"}],"about":[{"href":"https:\/\/www.batchlab.de\/index.php?rest_route=\/wp\/v2\/types\/page"}],"author":[{"embeddable":true,"href":"https:\/\/www.batchlab.de\/index.php?rest_route=\/wp\/v2\/users\/1"}],"replies":[{"embeddable":true,"href":"https:\/\/www.batchlab.de\/index.php?rest_route=%2Fwp%2Fv2%2Fcomments&post=1627"}],"version-history":[{"count":7,"href":"https:\/\/www.batchlab.de\/index.php?rest_route=\/wp\/v2\/pages\/1627\/revisions"}],"predecessor-version":[{"id":1645,"href":"https:\/\/www.batchlab.de\/index.php?rest_route=\/wp\/v2\/pages\/1627\/revisions\/1645"}],"wp:attachment":[{"href":"https:\/\/www.batchlab.de\/index.php?rest_route=%2Fwp%2Fv2%2Fmedia&parent=1627"}],"curies":[{"name":"wp","href":"https:\/\/api.w.org\/{rel}","templated":true}]}}