{"id":1624,"date":"2021-06-27T08:55:57","date_gmt":"2021-06-27T08:55:57","guid":{"rendered":"https:\/\/www.batchlab.de\/?page_id=1624"},"modified":"2021-06-27T08:56:04","modified_gmt":"2021-06-27T08:56:04","slug":"backup-restore","status":"publish","type":"page","link":"https:\/\/www.batchlab.de\/?page_id=1624","title":{"rendered":"Backup &#038; Restore"},"content":{"rendered":"<p>[vc_row full_width=&#8221;stretch_row_content_no_spaces&#8221;][vc_column][singarasection css=&#8221;.vc_custom_1526464007297{padding-top: 95px !important;padding-bottom: 40px !important;}&#8221;][vc_row_inner][vc_column_inner width=&#8221;1\/2&#8243; css=&#8221;.vc_custom_1526463990871{padding-right: 15px !important;padding-bottom: 50px !important;padding-left: 15px !important;}&#8221;][vc_column_text]Bew\u00e4hrt hat sich im letzten Jahrzent hauseigen entwickelte, automatisierte Verfahren zur Datensicherung &amp; Wiederherstellungsverfahren.<\/p>\n<p>Sich werden \u00fcberrascht sein, wie preiswert diese Umsetzung im Hinblick auf das, was gesichert wird, ist &#8211; aber dennoch h\u00f6chster Ma\u00dfstab Anwendung findet.<\/p>\n<p>Bei uns kommen SSL basierte Verschl\u00fcsselungen mit Haftungssummen grunds\u00e4tzlich zum Einsatz.<\/p>\n<p><span style=\"color: #99cc00;\">F\u00fcr mehr Informationen kontaktieren Sie uns gerne.<\/span>[\/vc_column_text][\/vc_column_inner][vc_column_inner width=&#8221;1\/2&#8243; css=&#8221;.vc_custom_1526463998674{padding-right: 15px !important;padding-bottom: 60px !important;padding-left: 15px !important;}&#8221;][singarasingleimg style=&#8221;border&#8221; img=&#8221;1625&#8243; animation=&#8221;fadeInUp&#8221;][\/vc_column_inner][\/vc_row_inner][\/singarasection][\/vc_column][\/vc_row]<\/p>\n","protected":false},"excerpt":{"rendered":"<p>[vc_row full_width=&#8221;stretch_row_content_no_spaces&#8221;][vc_column][singarasection css=&#8221;.vc_custom_1526464007297{padding-top: 95px !important;padding-bottom: 40px !important;}&#8221;][vc_row_inner][vc_column_inner width=&#8221;1\/2&#8243; css=&#8221;.vc_custom_1526463990871{padding-right: 15px !important;padding-bottom: 50px !important;padding-left: 15px !important;}&#8221;][vc_column_text]Bew\u00e4hrt hat sich im letzten Jahrzent hauseigen entwickelte, automatisierte Verfahren zur Datensicherung &amp; Wiederherstellungsverfahren. Sich werden \u00fcberrascht sein, wie preiswert diese Umsetzung im Hinblick auf das, was gesichert wird, ist &#8211; aber dennoch h\u00f6chster Ma\u00dfstab Anwendung findet. Bei uns kommen SSL [&hellip;]<\/p>\n","protected":false},"author":1,"featured_media":0,"parent":0,"menu_order":0,"comment_status":"closed","ping_status":"closed","template":"template-builder.php","meta":{"footnotes":""},"class_list":["post-1624","page","type-page","status-publish","hentry"],"_links":{"self":[{"href":"https:\/\/www.batchlab.de\/index.php?rest_route=\/wp\/v2\/pages\/1624","targetHints":{"allow":["GET"]}}],"collection":[{"href":"https:\/\/www.batchlab.de\/index.php?rest_route=\/wp\/v2\/pages"}],"about":[{"href":"https:\/\/www.batchlab.de\/index.php?rest_route=\/wp\/v2\/types\/page"}],"author":[{"embeddable":true,"href":"https:\/\/www.batchlab.de\/index.php?rest_route=\/wp\/v2\/users\/1"}],"replies":[{"embeddable":true,"href":"https:\/\/www.batchlab.de\/index.php?rest_route=%2Fwp%2Fv2%2Fcomments&post=1624"}],"version-history":[{"count":1,"href":"https:\/\/www.batchlab.de\/index.php?rest_route=\/wp\/v2\/pages\/1624\/revisions"}],"predecessor-version":[{"id":1626,"href":"https:\/\/www.batchlab.de\/index.php?rest_route=\/wp\/v2\/pages\/1624\/revisions\/1626"}],"wp:attachment":[{"href":"https:\/\/www.batchlab.de\/index.php?rest_route=%2Fwp%2Fv2%2Fmedia&parent=1624"}],"curies":[{"name":"wp","href":"https:\/\/api.w.org\/{rel}","templated":true}]}}