{"id":1618,"date":"2021-06-27T08:46:52","date_gmt":"2021-06-27T08:46:52","guid":{"rendered":"https:\/\/www.batchlab.de\/?page_id=1618"},"modified":"2021-06-27T08:49:11","modified_gmt":"2021-06-27T08:49:11","slug":"videochat-konferenz","status":"publish","type":"page","link":"https:\/\/www.batchlab.de\/?page_id=1618","title":{"rendered":"Videochat \/ Konferenz"},"content":{"rendered":"<p>[vc_row full_width=&#8221;stretch_row_content_no_spaces&#8221;][vc_column][singarasection css=&#8221;.vc_custom_1526464007297{padding-top: 95px !important;padding-bottom: 40px !important;}&#8221;][vc_row_inner][vc_column_inner width=&#8221;1\/2&#8243; css=&#8221;.vc_custom_1526463990871{padding-right: 15px !important;padding-bottom: 50px !important;padding-left: 15px !important;}&#8221;][vc_column_text]Nur die wenigsten Problemsituationen lassen sich aus der Ferne beheben. Gerade f\u00fcr Gesch\u00e4ftsinhaber bietet sich die Videokommunikation an, die wenig Zeit haben und dennoch verantwortungsvoll gr\u00f6\u00dften Wert auf Sicherheit und Gesundheit legen.<\/p>\n<p>System- und Ger\u00e4teunabh\u00e4ngig k\u00f6nnen Sie mit uns kommunizieren. Zur Not nutzen Sie unsere tempor\u00e4ren Zugangsdaten, so dass Sie in wenigen Sekunden von Ihrem gew\u00fcnschten Ger\u00e4t aus an einem beliebigen Ort die Videokommunikation starten und Entscheidungen treffen k\u00f6nnen.[\/vc_column_text][\/vc_column_inner][vc_column_inner width=&#8221;1\/2&#8243; css=&#8221;.vc_custom_1526463998674{padding-right: 15px !important;padding-bottom: 60px !important;padding-left: 15px !important;}&#8221;][singarasingleimg style=&#8221;border&#8221; img=&#8221;1619&#8243; animation=&#8221;fadeInUp&#8221;][\/vc_column_inner][\/vc_row_inner][\/singarasection][\/vc_column][\/vc_row]<\/p>\n","protected":false},"excerpt":{"rendered":"<p>[vc_row full_width=&#8221;stretch_row_content_no_spaces&#8221;][vc_column][singarasection css=&#8221;.vc_custom_1526464007297{padding-top: 95px !important;padding-bottom: 40px !important;}&#8221;][vc_row_inner][vc_column_inner width=&#8221;1\/2&#8243; css=&#8221;.vc_custom_1526463990871{padding-right: 15px !important;padding-bottom: 50px !important;padding-left: 15px !important;}&#8221;][vc_column_text]Nur die wenigsten Problemsituationen lassen sich aus der Ferne beheben. Gerade f\u00fcr Gesch\u00e4ftsinhaber bietet sich die Videokommunikation an, die wenig Zeit haben und dennoch verantwortungsvoll gr\u00f6\u00dften Wert auf Sicherheit und Gesundheit legen. System- und Ger\u00e4teunabh\u00e4ngig k\u00f6nnen Sie mit uns kommunizieren. Zur [&hellip;]<\/p>\n","protected":false},"author":1,"featured_media":0,"parent":0,"menu_order":0,"comment_status":"closed","ping_status":"closed","template":"template-builder.php","meta":{"footnotes":""},"class_list":["post-1618","page","type-page","status-publish","hentry"],"_links":{"self":[{"href":"https:\/\/www.batchlab.de\/index.php?rest_route=\/wp\/v2\/pages\/1618","targetHints":{"allow":["GET"]}}],"collection":[{"href":"https:\/\/www.batchlab.de\/index.php?rest_route=\/wp\/v2\/pages"}],"about":[{"href":"https:\/\/www.batchlab.de\/index.php?rest_route=\/wp\/v2\/types\/page"}],"author":[{"embeddable":true,"href":"https:\/\/www.batchlab.de\/index.php?rest_route=\/wp\/v2\/users\/1"}],"replies":[{"embeddable":true,"href":"https:\/\/www.batchlab.de\/index.php?rest_route=%2Fwp%2Fv2%2Fcomments&post=1618"}],"version-history":[{"count":3,"href":"https:\/\/www.batchlab.de\/index.php?rest_route=\/wp\/v2\/pages\/1618\/revisions"}],"predecessor-version":[{"id":1623,"href":"https:\/\/www.batchlab.de\/index.php?rest_route=\/wp\/v2\/pages\/1618\/revisions\/1623"}],"wp:attachment":[{"href":"https:\/\/www.batchlab.de\/index.php?rest_route=%2Fwp%2Fv2%2Fmedia&parent=1618"}],"curies":[{"name":"wp","href":"https:\/\/api.w.org\/{rel}","templated":true}]}}