{"id":1608,"date":"2021-06-27T07:01:37","date_gmt":"2021-06-27T07:01:37","guid":{"rendered":"https:\/\/www.batchlab.de\/?page_id=1608"},"modified":"2021-06-27T07:08:10","modified_gmt":"2021-06-27T07:08:10","slug":"antivirus","status":"publish","type":"page","link":"https:\/\/www.batchlab.de\/?page_id=1608","title":{"rendered":"AntiVirus"},"content":{"rendered":"<p>[vc_row full_width=&#8221;stretch_row_content_no_spaces&#8221;][vc_column][singarasection css=&#8221;.vc_custom_1526464007297{padding-top: 95px !important;padding-bottom: 40px !important;}&#8221;][vc_row_inner][vc_column_inner width=&#8221;1\/2&#8243; css=&#8221;.vc_custom_1526463990871{padding-right: 15px !important;padding-bottom: 50px !important;padding-left: 15px !important;}&#8221;][vc_column_text]Die Nutzung einer kostenpflichtigen Antiviren Softwarel\u00f6sung ist Grundvoraussetzung f\u00fcr eine Zusammenarbeit mit uns.<\/p>\n<p>Gerade in Zeiten der Datenschutzgrundverordnung und Auflagen des Finanzministeriums ist jeder Gewerbetreibende f\u00fcr eine aktive Handlung bzw. f\u00fcr einen Einsatz einer kostenpflichtigen L\u00f6sung verpflichtet, um jedwede fahrl\u00e4ssige Handlung auszuschlie\u00dfen.<\/p>\n<p>Zu einer festen Kostenpauschale installieren \/ aktualisieren wir j\u00e4hrlich eine neue Softwareversion\/-lizenz per Fernwartung. Dieser Vorgang dauert nur wenige Minuten und sorgt daf\u00fcr, dass Sie ihren t\u00e4glichen Arbeiten sorglos angehen k\u00f6nnen:<\/p>\n<ul>\n<li>Online Banking<\/li>\n<li>Gesch\u00e4ftliche E-Mails<\/li>\n<li>Buchhaltungssoftware<\/li>\n<li>Projektdaten<\/li>\n<li>Geheime Dokumente<\/li>\n<\/ul>\n<p>In dieser Pauschale ist der gesamte Service als auch Support f\u00fcr das gesamte Gesch\u00e4ftsjahr inklusive![\/vc_column_text][\/vc_column_inner][vc_column_inner width=&#8221;1\/2&#8243; css=&#8221;.vc_custom_1526463998674{padding-right: 15px !important;padding-bottom: 60px !important;padding-left: 15px !important;}&#8221;][singarasingleimg style=&#8221;border&#8221; img=&#8221;1609&#8243; animation=&#8221;fadeInUp&#8221;][\/vc_column_inner][\/vc_row_inner][\/singarasection][\/vc_column][\/vc_row]<\/p>\n","protected":false},"excerpt":{"rendered":"<p>[vc_row full_width=&#8221;stretch_row_content_no_spaces&#8221;][vc_column][singarasection css=&#8221;.vc_custom_1526464007297{padding-top: 95px !important;padding-bottom: 40px !important;}&#8221;][vc_row_inner][vc_column_inner width=&#8221;1\/2&#8243; css=&#8221;.vc_custom_1526463990871{padding-right: 15px !important;padding-bottom: 50px !important;padding-left: 15px !important;}&#8221;][vc_column_text]Die Nutzung einer kostenpflichtigen Antiviren Softwarel\u00f6sung ist Grundvoraussetzung f\u00fcr eine Zusammenarbeit mit uns. Gerade in Zeiten der Datenschutzgrundverordnung und Auflagen des Finanzministeriums ist jeder Gewerbetreibende f\u00fcr eine aktive Handlung bzw. f\u00fcr einen Einsatz einer kostenpflichtigen L\u00f6sung verpflichtet, um jedwede fahrl\u00e4ssige Handlung [&hellip;]<\/p>\n","protected":false},"author":1,"featured_media":0,"parent":0,"menu_order":0,"comment_status":"closed","ping_status":"closed","template":"template-builder.php","meta":{"footnotes":""},"class_list":["post-1608","page","type-page","status-publish","hentry"],"_links":{"self":[{"href":"https:\/\/www.batchlab.de\/index.php?rest_route=\/wp\/v2\/pages\/1608","targetHints":{"allow":["GET"]}}],"collection":[{"href":"https:\/\/www.batchlab.de\/index.php?rest_route=\/wp\/v2\/pages"}],"about":[{"href":"https:\/\/www.batchlab.de\/index.php?rest_route=\/wp\/v2\/types\/page"}],"author":[{"embeddable":true,"href":"https:\/\/www.batchlab.de\/index.php?rest_route=\/wp\/v2\/users\/1"}],"replies":[{"embeddable":true,"href":"https:\/\/www.batchlab.de\/index.php?rest_route=%2Fwp%2Fv2%2Fcomments&post=1608"}],"version-history":[{"count":7,"href":"https:\/\/www.batchlab.de\/index.php?rest_route=\/wp\/v2\/pages\/1608\/revisions"}],"predecessor-version":[{"id":1617,"href":"https:\/\/www.batchlab.de\/index.php?rest_route=\/wp\/v2\/pages\/1608\/revisions\/1617"}],"wp:attachment":[{"href":"https:\/\/www.batchlab.de\/index.php?rest_route=%2Fwp%2Fv2%2Fmedia&parent=1608"}],"curies":[{"name":"wp","href":"https:\/\/api.w.org\/{rel}","templated":true}]}}