{"id":1589,"date":"2021-06-21T08:59:07","date_gmt":"2021-06-21T08:59:07","guid":{"rendered":"https:\/\/www.batchlab.de\/?page_id=1589"},"modified":"2021-06-27T06:50:04","modified_gmt":"2021-06-27T06:50:04","slug":"schwerpunkte","status":"publish","type":"page","link":"https:\/\/www.batchlab.de\/?page_id=1589","title":{"rendered":"Schwerpunkte"},"content":{"rendered":"<p>[vc_row full_width=&#8221;stretch_row_content_no_spaces&#8221;][vc_column][singarasection css=&#8221;.vc_custom_1526464007297{padding-top: 95px !important;padding-bottom: 40px !important;}&#8221;][vc_row_inner][vc_column_inner width=&#8221;1\/2&#8243; css=&#8221;.vc_custom_1526463990871{padding-right: 15px !important;padding-bottom: 50px !important;padding-left: 15px !important;}&#8221;][singaratextblock animation=&#8221;fadeInUp&#8221;]Alle Vertr\u00e4ge sind bis auf wenige Ausnahmesituationen auf max. 12 Monate Vertragslaufzeit ausgelegt (je Gesch\u00e4ftsjahr). Eine moderate als auch gesunde Vertragsbeziehung ist ein wichtiger Bestandteil. Diese Form der Gesch\u00e4ftsbeziehung tut beidseitig gut und sorgt daf\u00fcr, dass man gemeinsam und vern\u00fcnftig w\u00e4chst.<\/p>\n<p>Manchmal haben unsere Kunden Ideen, jedoch bef\u00fcrchten sie diese auszusprechen, gerade weil sie davon ausgehen, dass diese mit immensen Anschaffungs- oder Erhaltungskosten verbunden sind.<\/p>\n<p>Sehr oft ist es jedoch so, dass wir diese Ideen in enger Zusammenarbeit realisieren k\u00f6nnen &#8211; mit einfachen Mitteln.<\/p>\n<p>Daher sind die auf unserer Webseite angebotenen L\u00f6sungen im Detail Resultate, die sich bew\u00e4hrt haben und von unseren Kunden gesch\u00e4tzt werden. Gerade weil sie alle samt bezahlbar sind. Auch zu diesen schweren Zeiten!<\/p>\n<p>Z\u00f6gern Sie also nicht und vor allem teilen Sie Ihre Sorgen und Ideen mit uns &#8211; mit Sicherheit finden wir gemeinsam immer eine zufriedenstellende L\u00f6sung.[\/singaratextblock][\/vc_column_inner][vc_column_inner width=&#8221;1\/2&#8243; css=&#8221;.vc_custom_1526463998674{padding-right: 15px !important;padding-bottom: 60px !important;padding-left: 15px !important;}&#8221;][singarasingleimg style=&#8221;border&#8221; img=&#8221;1590&#8243; animation=&#8221;fadeInUp&#8221;][\/vc_column_inner][\/vc_row_inner][\/singarasection][\/vc_column][\/vc_row]<\/p>\n","protected":false},"excerpt":{"rendered":"<p>[vc_row full_width=&#8221;stretch_row_content_no_spaces&#8221;][vc_column][singarasection css=&#8221;.vc_custom_1526464007297{padding-top: 95px !important;padding-bottom: 40px !important;}&#8221;][vc_row_inner][vc_column_inner width=&#8221;1\/2&#8243; css=&#8221;.vc_custom_1526463990871{padding-right: 15px !important;padding-bottom: 50px !important;padding-left: 15px !important;}&#8221;][singaratextblock animation=&#8221;fadeInUp&#8221;]Alle Vertr\u00e4ge sind bis auf wenige Ausnahmesituationen auf max. 12 Monate Vertragslaufzeit ausgelegt (je Gesch\u00e4ftsjahr). Eine moderate als auch gesunde Vertragsbeziehung ist ein wichtiger Bestandteil. Diese Form der Gesch\u00e4ftsbeziehung tut beidseitig gut und sorgt daf\u00fcr, dass man gemeinsam und vern\u00fcnftig [&hellip;]<\/p>\n","protected":false},"author":1,"featured_media":0,"parent":0,"menu_order":0,"comment_status":"closed","ping_status":"closed","template":"template-builder.php","meta":{"footnotes":""},"class_list":["post-1589","page","type-page","status-publish","hentry"],"_links":{"self":[{"href":"https:\/\/www.batchlab.de\/index.php?rest_route=\/wp\/v2\/pages\/1589","targetHints":{"allow":["GET"]}}],"collection":[{"href":"https:\/\/www.batchlab.de\/index.php?rest_route=\/wp\/v2\/pages"}],"about":[{"href":"https:\/\/www.batchlab.de\/index.php?rest_route=\/wp\/v2\/types\/page"}],"author":[{"embeddable":true,"href":"https:\/\/www.batchlab.de\/index.php?rest_route=\/wp\/v2\/users\/1"}],"replies":[{"embeddable":true,"href":"https:\/\/www.batchlab.de\/index.php?rest_route=%2Fwp%2Fv2%2Fcomments&post=1589"}],"version-history":[{"count":3,"href":"https:\/\/www.batchlab.de\/index.php?rest_route=\/wp\/v2\/pages\/1589\/revisions"}],"predecessor-version":[{"id":1607,"href":"https:\/\/www.batchlab.de\/index.php?rest_route=\/wp\/v2\/pages\/1589\/revisions\/1607"}],"wp:attachment":[{"href":"https:\/\/www.batchlab.de\/index.php?rest_route=%2Fwp%2Fv2%2Fmedia&parent=1589"}],"curies":[{"name":"wp","href":"https:\/\/api.w.org\/{rel}","templated":true}]}}