{"id":1586,"date":"2021-06-21T08:46:49","date_gmt":"2021-06-21T08:46:49","guid":{"rendered":"https:\/\/www.batchlab.de\/?page_id=1586"},"modified":"2021-06-21T08:47:01","modified_gmt":"2021-06-21T08:47:01","slug":"kundenkreis","status":"publish","type":"page","link":"https:\/\/www.batchlab.de\/?page_id=1586","title":{"rendered":"Kundenkreis"},"content":{"rendered":"<p>[vc_row full_width=&#8221;stretch_row_content_no_spaces&#8221;][vc_column][singarasection css=&#8221;.vc_custom_1526464007297{padding-top: 95px !important;padding-bottom: 40px !important;}&#8221;][vc_row_inner][vc_column_inner width=&#8221;1\/2&#8243; css=&#8221;.vc_custom_1526463990871{padding-right: 15px !important;padding-bottom: 50px !important;padding-left: 15px !important;}&#8221;][singaratextblock animation=&#8221;fadeInUp&#8221;]Wir arbeiten grunds\u00e4tzlich und bis auf wenige Ausnahmen ausschlie\u00dflich mit Gesch\u00e4ftskunden. Unsere Produkte sind inhaltlich als auch vertraglich auf das Gewerbe jeglicher Art ausgerichtet.<\/p>\n<p>Ihre Bed\u00fcrfnisse und Ziele als Unternehmerin bzw. Unternehmer sind uns bestens bekannt. Von uns d\u00fcrfen Sie nichts anderes als Professionalit\u00e4t und Transparenz erwarten.[\/singaratextblock][\/vc_column_inner][vc_column_inner width=&#8221;1\/2&#8243; css=&#8221;.vc_custom_1526463998674{padding-right: 15px !important;padding-bottom: 60px !important;padding-left: 15px !important;}&#8221;][singarasingleimg style=&#8221;border&#8221; img=&#8221;1587&#8243; animation=&#8221;fadeInUp&#8221;][\/vc_column_inner][\/vc_row_inner][\/singarasection][\/vc_column][\/vc_row]<\/p>\n","protected":false},"excerpt":{"rendered":"<p>[vc_row full_width=&#8221;stretch_row_content_no_spaces&#8221;][vc_column][singarasection css=&#8221;.vc_custom_1526464007297{padding-top: 95px !important;padding-bottom: 40px !important;}&#8221;][vc_row_inner][vc_column_inner width=&#8221;1\/2&#8243; css=&#8221;.vc_custom_1526463990871{padding-right: 15px !important;padding-bottom: 50px !important;padding-left: 15px !important;}&#8221;][singaratextblock animation=&#8221;fadeInUp&#8221;]Wir arbeiten grunds\u00e4tzlich und bis auf wenige Ausnahmen ausschlie\u00dflich mit Gesch\u00e4ftskunden. Unsere Produkte sind inhaltlich als auch vertraglich auf das Gewerbe jeglicher Art ausgerichtet. Ihre Bed\u00fcrfnisse und Ziele als Unternehmerin bzw. Unternehmer sind uns bestens bekannt. Von uns d\u00fcrfen Sie [&hellip;]<\/p>\n","protected":false},"author":1,"featured_media":0,"parent":0,"menu_order":0,"comment_status":"closed","ping_status":"closed","template":"template-builder.php","meta":{"footnotes":""},"class_list":["post-1586","page","type-page","status-publish","hentry"],"_links":{"self":[{"href":"https:\/\/www.batchlab.de\/index.php?rest_route=\/wp\/v2\/pages\/1586","targetHints":{"allow":["GET"]}}],"collection":[{"href":"https:\/\/www.batchlab.de\/index.php?rest_route=\/wp\/v2\/pages"}],"about":[{"href":"https:\/\/www.batchlab.de\/index.php?rest_route=\/wp\/v2\/types\/page"}],"author":[{"embeddable":true,"href":"https:\/\/www.batchlab.de\/index.php?rest_route=\/wp\/v2\/users\/1"}],"replies":[{"embeddable":true,"href":"https:\/\/www.batchlab.de\/index.php?rest_route=%2Fwp%2Fv2%2Fcomments&post=1586"}],"version-history":[{"count":1,"href":"https:\/\/www.batchlab.de\/index.php?rest_route=\/wp\/v2\/pages\/1586\/revisions"}],"predecessor-version":[{"id":1588,"href":"https:\/\/www.batchlab.de\/index.php?rest_route=\/wp\/v2\/pages\/1586\/revisions\/1588"}],"wp:attachment":[{"href":"https:\/\/www.batchlab.de\/index.php?rest_route=%2Fwp%2Fv2%2Fmedia&parent=1586"}],"curies":[{"name":"wp","href":"https:\/\/api.w.org\/{rel}","templated":true}]}}