{"id":149,"date":"2018-04-10T07:01:33","date_gmt":"2018-04-10T07:01:33","guid":{"rendered":"http:\/\/themelooks.net\/demo\/singara\/?page_id=149"},"modified":"2021-07-15T12:20:41","modified_gmt":"2021-07-15T12:20:41","slug":"about","status":"publish","type":"page","link":"https:\/\/www.batchlab.de\/?page_id=149","title":{"rendered":"Philosophie"},"content":{"rendered":"<p>[vc_row full_width=&#8221;stretch_row_content_no_spaces&#8221;][vc_column][singarasection css=&#8221;.vc_custom_1526464007297{padding-top: 95px !important;padding-bottom: 40px !important;}&#8221;][vc_row_inner][vc_column_inner width=&#8221;1\/2&#8243; css=&#8221;.vc_custom_1526463990871{padding-right: 15px !important;padding-bottom: 50px !important;padding-left: 15px !important;}&#8221;][singaratextblock animation=&#8221;fadeInUp&#8221;]Unser Team ist \u00fcbersichtlich, aber daf\u00fcr effektiv: wir setzen auf ausgew\u00e4hlte, bew\u00e4hrte IT Technik und kommunizieren transparent jedwede L\u00f6sung.<\/p>\n<p>Vertrauen statt Restriktion!<\/p>\n<p>Dadurch wachsen unsere Kunden mit uns und verzeichnen dadurch nachweislich Erfolge. Stundenlanger, telefonischer Support entf\u00e4llt langfristig, weil offen gesprochen &#8220;die Sache einfach funktioniert!&#8221;.<\/p>\n<p>Dar\u00fcber hinaus sprechen unsere Kunden grunds\u00e4tzlich mit einem IT Experten mit entsprechender Fachausbildung &#8211; und zwar so, dass man sie auch ganz ohne Fachwissen versteht. Denn nur so k\u00f6nnen Sie als Kunde richtige Entscheidungen treffen.<\/p>\n<p>Erg\u00e4nzt wird unsere Unternehmensphilosphie durch die auf Gesch\u00e4ftskunden zugeschnittenen IT L\u00f6sungen, welche aktuell auf Markt so nicht existieren. Unsere Kunden vertrauen darauf, dass sie von uns nichts &#8220;aufgeschwatzt&#8221; bekommen, was sie auch nicht ben\u00f6tigen.<\/p>\n<p>DAS ist meiner Meinung nach der einzig richtige Weg zu einer gesunden Gesch\u00e4ftsbeziehung.<\/p>\n<p>Ali Pepe<br \/>\n[Gesch\u00e4ftsinhaber \/ Gr\u00fcnder][\/singaratextblock][\/vc_column_inner][vc_column_inner width=&#8221;1\/2&#8243; css=&#8221;.vc_custom_1526463998674{padding-right: 15px !important;padding-bottom: 60px !important;padding-left: 15px !important;}&#8221;][singarasingleimg style=&#8221;border&#8221; img=&#8221;1375&#8243; animation=&#8221;fadeInUp&#8221;][\/vc_column_inner][\/vc_row_inner][\/singarasection][\/vc_column][\/vc_row][vc_row full_width=&#8221;stretch_row_content_no_spaces&#8221;][vc_column][singarasection css=&#8221;.vc_custom_1526117657886{padding-top: 100px !important;padding-bottom: 70px !important;}&#8221;][ssdhostsectheading subheading=&#8221;INTERNATIONAL&#8221; heading=&#8221;Wir sprechen Ihre Sprache&#8221;][vc_row_inner css=&#8221;.vc_custom_1526117591142{margin-right: -15px !important;margin-left: -15px !important;}&#8221;][vc_column_inner width=&#8221;1\/5&#8243; css=&#8221;.vc_custom_1526117981148{padding-right: 15px !important;padding-left: 15px !important;}&#8221; offset=&#8221;vc_col-md-2 vc_col-xs-6&#8243;][vc_single_image image=&#8221;1557&#8243; img_size=&#8221;full&#8221; alignment=&#8221;center&#8221;][singaratextblock]<\/p>\n<p style=\"text-align: center;\">deutsch<\/p>\n<p>[\/singaratextblock][\/vc_column_inner][vc_column_inner width=&#8221;1\/5&#8243; css=&#8221;.vc_custom_1526117967670{padding-right: 15px !important;padding-left: 15px !important;}&#8221; offset=&#8221;vc_col-md-2 vc_col-xs-6&#8243;][vc_single_image image=&#8221;1564&#8243; img_size=&#8221;full&#8221; alignment=&#8221;center&#8221;][singaratextblock]<\/p>\n<p style=\"text-align: center;\">englisch<\/p>\n<p>[\/singaratextblock][\/vc_column_inner][vc_column_inner width=&#8221;1\/5&#8243; css=&#8221;.vc_custom_1526117962081{padding-right: 15px !important;padding-left: 15px !important;}&#8221; offset=&#8221;vc_col-md-2 vc_col-xs-6&#8243;][vc_single_image image=&#8221;1559&#8243; img_size=&#8221;full&#8221; alignment=&#8221;center&#8221;][singaratextblock]<\/p>\n<p style=\"text-align: center;\">t\u00fcrkisch<\/p>\n<p>[\/singaratextblock][\/vc_column_inner][vc_column_inner width=&#8221;1\/5&#8243; css=&#8221;.vc_custom_1526117958085{padding-right: 15px !important;padding-left: 15px !important;}&#8221; offset=&#8221;vc_col-md-2 vc_col-xs-6&#8243;][vc_single_image image=&#8221;1560&#8243; img_size=&#8221;full&#8221; alignment=&#8221;center&#8221;][singaratextblock]<\/p>\n<p style=\"text-align: center;\">niederl\u00e4ndisch<\/p>\n<p>[\/singaratextblock][\/vc_column_inner][vc_column_inner width=&#8221;1\/5&#8243;][vc_single_image image=&#8221;1561&#8243; alignment=&#8221;center&#8221;][singaratextblock]<\/p>\n<p style=\"text-align: center;\">kantonesisch<\/p>\n<p>[\/singaratextblock][\/vc_column_inner][\/vc_row_inner][\/singarasection][\/vc_column][\/vc_row][vc_row full_width=&#8221;stretch_row_content_no_spaces&#8221;][vc_column][singarasection css=&#8221;.vc_custom_1526117657886{padding-top: 100px !important;padding-bottom: 70px !important;}&#8221;][ssdhostsectheading subheading=&#8221;EFFIZIENT &amp; SCHNELL&#8221; heading=&#8221;bundesweit &amp; branchen\u00fcbergreifend&#8221;][vc_row_inner css=&#8221;.vc_custom_1526117591142{margin-right: -15px !important;margin-left: -15px !important;}&#8221;][vc_column_inner width=&#8221;1\/5&#8243; css=&#8221;.vc_custom_1526117981148{padding-right: 15px !important;padding-left: 15px !important;}&#8221; offset=&#8221;vc_col-md-2 vc_col-xs-6&#8243;][singaratextblock]<\/p>\n<p style=\"text-align: center;\">Gesundheitswesen<\/p>\n<p>[\/singaratextblock][singaratextblock]<\/p>\n<p style=\"text-align: center;\">Automobilindustrie<\/p>\n<p>[\/singaratextblock][\/vc_column_inner][vc_column_inner width=&#8221;1\/5&#8243; css=&#8221;.vc_custom_1526117967670{padding-right: 15px !important;padding-left: 15px !important;}&#8221; offset=&#8221;vc_col-md-2 vc_col-xs-6&#8243;][singaratextblock]<\/p>\n<p style=\"text-align: center;\">Gastronomie<\/p>\n<p>[\/singaratextblock][singaratextblock]<\/p>\n<p style=\"text-align: center;\">Einzelhandel<\/p>\n<p>[\/singaratextblock][\/vc_column_inner][vc_column_inner width=&#8221;1\/5&#8243; css=&#8221;.vc_custom_1526117962081{padding-right: 15px !important;padding-left: 15px !important;}&#8221; offset=&#8221;vc_col-md-2 vc_col-xs-6&#8243;][singaratextblock]<\/p>\n<p style=\"text-align: center;\">Steuerwesen<\/p>\n<p>[\/singaratextblock][singaratextblock]<\/p>\n<p style=\"text-align: center;\">Handwerk<\/p>\n<p>[\/singaratextblock][\/vc_column_inner][vc_column_inner width=&#8221;1\/5&#8243; css=&#8221;.vc_custom_1526117958085{padding-right: 15px !important;padding-left: 15px !important;}&#8221; offset=&#8221;vc_col-md-2 vc_col-xs-6&#8243;][singaratextblock]<\/p>\n<p style=\"text-align: center;\">Einrichtungen<\/p>\n<p>[\/singaratextblock][singaratextblock]<\/p>\n<p style=\"text-align: center;\">Veranstaltungen<\/p>\n<p>[\/singaratextblock][\/vc_column_inner][vc_column_inner width=&#8221;1\/5&#8243;][singaratextblock]<\/p>\n<p style=\"text-align: center;\">Immobilien<\/p>\n<p>[\/singaratextblock][singaratextblock]<\/p>\n<p style=\"text-align: center;\">Agenturen<\/p>\n<p>[\/singaratextblock][\/vc_column_inner][\/vc_row_inner][\/singarasection][\/vc_column][\/vc_row]<\/p>\n","protected":false},"excerpt":{"rendered":"<p>[vc_row full_width=&#8221;stretch_row_content_no_spaces&#8221;][vc_column][singarasection css=&#8221;.vc_custom_1526464007297{padding-top: 95px !important;padding-bottom: 40px !important;}&#8221;][vc_row_inner][vc_column_inner width=&#8221;1\/2&#8243; css=&#8221;.vc_custom_1526463990871{padding-right: 15px !important;padding-bottom: 50px !important;padding-left: 15px !important;}&#8221;][singaratextblock animation=&#8221;fadeInUp&#8221;]Unser Team ist \u00fcbersichtlich, aber daf\u00fcr effektiv: wir setzen auf ausgew\u00e4hlte, bew\u00e4hrte IT Technik und kommunizieren transparent jedwede L\u00f6sung. Vertrauen statt Restriktion! Dadurch wachsen unsere Kunden mit uns und verzeichnen dadurch nachweislich Erfolge. Stundenlanger, telefonischer Support entf\u00e4llt langfristig, weil offen [&hellip;]<\/p>\n","protected":false},"author":1,"featured_media":0,"parent":0,"menu_order":0,"comment_status":"closed","ping_status":"closed","template":"template-builder.php","meta":{"footnotes":""},"class_list":["post-149","page","type-page","status-publish","hentry"],"_links":{"self":[{"href":"https:\/\/www.batchlab.de\/index.php?rest_route=\/wp\/v2\/pages\/149","targetHints":{"allow":["GET"]}}],"collection":[{"href":"https:\/\/www.batchlab.de\/index.php?rest_route=\/wp\/v2\/pages"}],"about":[{"href":"https:\/\/www.batchlab.de\/index.php?rest_route=\/wp\/v2\/types\/page"}],"author":[{"embeddable":true,"href":"https:\/\/www.batchlab.de\/index.php?rest_route=\/wp\/v2\/users\/1"}],"replies":[{"embeddable":true,"href":"https:\/\/www.batchlab.de\/index.php?rest_route=%2Fwp%2Fv2%2Fcomments&post=149"}],"version-history":[{"count":36,"href":"https:\/\/www.batchlab.de\/index.php?rest_route=\/wp\/v2\/pages\/149\/revisions"}],"predecessor-version":[{"id":1785,"href":"https:\/\/www.batchlab.de\/index.php?rest_route=\/wp\/v2\/pages\/149\/revisions\/1785"}],"wp:attachment":[{"href":"https:\/\/www.batchlab.de\/index.php?rest_route=%2Fwp%2Fv2%2Fmedia&parent=149"}],"curies":[{"name":"wp","href":"https:\/\/api.w.org\/{rel}","templated":true}]}}