{"id":1479,"date":"2021-06-14T21:18:40","date_gmt":"2021-06-14T21:18:40","guid":{"rendered":"https:\/\/www.batchlab.de\/?page_id=1479"},"modified":"2021-07-06T16:19:28","modified_gmt":"2021-07-06T16:19:28","slug":"fernwartung","status":"publish","type":"page","link":"https:\/\/www.batchlab.de\/?page_id=1479","title":{"rendered":"Fernwartung"},"content":{"rendered":"<p>[vc_row full_width=&#8221;stretch_row_content_no_spaces&#8221;][vc_column][singarasection css=&#8221;.vc_custom_1526985537981{padding-top: 100px !important;padding-bottom: 0px !important;}&#8221;][vc_row_inner css=&#8221;.vc_custom_1526386613587{margin-right: -15px !important;margin-left: -15px !important;}&#8221;][vc_column_inner css=&#8221;.vc_custom_1526386712068{padding-right: 15px !important;padding-bottom: 60px !important;padding-left: 15px !important;}&#8221; offset=&#8221;vc_col-md-6&#8243;][singarasingleimg img=&#8221;1374&#8243; animation=&#8221;fadeInUp&#8221;][\/vc_column_inner][vc_column_inner css=&#8221;.vc_custom_1526386719602{padding-right: 15px !important;padding-bottom: 60px !important;padding-left: 15px !important;}&#8221; offset=&#8221;vc_col-md-6&#8243;][singaratextblock title=&#8221;PC, iMac, Linux oder digitale Registrierkasse&#8221; btnlabel=&#8221;Unsere Kontaktm\u00f6glichkeiten&#8221; btnurl=&#8221;https:\/\/www.batchlab.de\/?page_id=266&#8243; animation=&#8221;fadeInUp&#8221;]Wir unterst\u00fctzen wir Sie gerne, schnell und je nach Terminvereinbarung zu jeder Uhrzeit.<\/p>\n<p>Rufen Sie uns bitte vorher an und wir informieren Sie unverbindlich \u00fcber unsere fairen Preise. Danach kann es dann auch schon losgehen:<\/p>\n<p>Sie erhalten per Mail einen Link, wo Sie die Fernwartungssoftware herunterladen k\u00f6nnen. Nach der Installation greifen wir mit Ihrer Zustimmung auf Ihr Endger\u00e4t. W\u00e4hrend wir uns Ihrem Problem annehmen, gehen Sie Ihrem Tagesgesch\u00e4ft nach.<\/p>\n<p>Transparent, fair und effizient![\/singaratextblock][\/vc_column_inner][\/vc_row_inner][\/singarasection][\/vc_column][\/vc_row][vc_row full_width=&#8221;stretch_row_content_no_spaces&#8221;][vc_column][singarasection css=&#8221;.vc_custom_1526985533511{padding-top: 40px !important;padding-bottom: 40px !important;}&#8221;][ssdhostsectheading heading=&#8221;Ganz einfach!&#8221; headinganimation=&#8221;fadeInUp&#8221; subheading=&#8221;ANLEITUNG&#8221;][vc_row_inner css=&#8221;.vc_custom_1525935550526{margin-right: -15px !important;margin-left: -15px !important;}&#8221;][vc_column_inner width=&#8221;1\/3&#8243; css=&#8221;.vc_custom_1525935540965{padding-right: 15px !important;padding-left: 15px !important;}&#8221;][singarafeaturesvtwo icontype=&#8221;imageicon&#8221; title=&#8221;Gesch\u00e4ftskunde werden&#8221; description=&#8221;Nach dem Telefonat legen wir Ihren Kundenaccount an. Danach erhalten Sie per Mail Ihre tempor\u00e4ren Zugangsdaten, mit denen Sie sich einloggen und Ihre k\u00fcnftigen Rechnungen herunterladen k\u00f6nnen.&#8221; animation=&#8221;fadeInUp&#8221; imgicon=&#8221;1507&#8243;][\/vc_column_inner][vc_column_inner width=&#8221;1\/3&#8243; css=&#8221;.vc_custom_1525935532757{padding-right: 15px !important;padding-left: 15px !important;}&#8221;][singarafeaturesvtwo icontype=&#8221;imageicon&#8221; title=&#8221;Blitzschneller Zugriff&#8221; description=&#8221;Im Raketentempo erhalten Sie alle notwendigen Informationen per Mail, damit Sie die Fernwartungssoftware herunterladen und wir unseren Job erledigen k\u00f6nnen.&#8221; animation=&#8221;fadeInUp&#8221; imgicon=&#8221;1508&#8243;][\/vc_column_inner][vc_column_inner width=&#8221;1\/3&#8243; css=&#8221;.vc_custom_1525935524895{padding-right: 15px !important;padding-left: 15px !important;}&#8221;][singarafeaturesvtwo icontype=&#8221;imageicon&#8221; title=&#8221;Zufriedenheit zahlt sich aus!&#8221; description=&#8221;Vertrauen ist gut, Kontrolle ist besser. Wir setzen noch einen drauf: Transparenz!&#8221; animation=&#8221;fadeInUp&#8221; imgicon=&#8221;1500&#8243;][\/vc_column_inner][\/vc_row_inner][\/singarasection][\/vc_column][\/vc_row]<\/p>\n","protected":false},"excerpt":{"rendered":"<p>[vc_row full_width=&#8221;stretch_row_content_no_spaces&#8221;][vc_column][singarasection css=&#8221;.vc_custom_1526985537981{padding-top: 100px !important;padding-bottom: 0px !important;}&#8221;][vc_row_inner css=&#8221;.vc_custom_1526386613587{margin-right: -15px !important;margin-left: -15px !important;}&#8221;][vc_column_inner css=&#8221;.vc_custom_1526386712068{padding-right: 15px !important;padding-bottom: 60px !important;padding-left: 15px !important;}&#8221; offset=&#8221;vc_col-md-6&#8243;][singarasingleimg img=&#8221;1374&#8243; animation=&#8221;fadeInUp&#8221;][\/vc_column_inner][vc_column_inner css=&#8221;.vc_custom_1526386719602{padding-right: 15px !important;padding-bottom: 60px !important;padding-left: 15px !important;}&#8221; offset=&#8221;vc_col-md-6&#8243;][singaratextblock title=&#8221;PC, iMac, Linux oder digitale Registrierkasse&#8221; btnlabel=&#8221;Unsere Kontaktm\u00f6glichkeiten&#8221; btnurl=&#8221;https:\/\/www.batchlab.de\/?page_id=266&#8243; animation=&#8221;fadeInUp&#8221;]Wir unterst\u00fctzen wir Sie gerne, schnell und je nach Terminvereinbarung zu jeder Uhrzeit. Rufen Sie uns [&hellip;]<\/p>\n","protected":false},"author":1,"featured_media":0,"parent":0,"menu_order":0,"comment_status":"closed","ping_status":"closed","template":"template-builder.php","meta":{"footnotes":""},"class_list":["post-1479","page","type-page","status-publish","hentry"],"_links":{"self":[{"href":"https:\/\/www.batchlab.de\/index.php?rest_route=\/wp\/v2\/pages\/1479","targetHints":{"allow":["GET"]}}],"collection":[{"href":"https:\/\/www.batchlab.de\/index.php?rest_route=\/wp\/v2\/pages"}],"about":[{"href":"https:\/\/www.batchlab.de\/index.php?rest_route=\/wp\/v2\/types\/page"}],"author":[{"embeddable":true,"href":"https:\/\/www.batchlab.de\/index.php?rest_route=\/wp\/v2\/users\/1"}],"replies":[{"embeddable":true,"href":"https:\/\/www.batchlab.de\/index.php?rest_route=%2Fwp%2Fv2%2Fcomments&post=1479"}],"version-history":[{"count":18,"href":"https:\/\/www.batchlab.de\/index.php?rest_route=\/wp\/v2\/pages\/1479\/revisions"}],"predecessor-version":[{"id":1771,"href":"https:\/\/www.batchlab.de\/index.php?rest_route=\/wp\/v2\/pages\/1479\/revisions\/1771"}],"wp:attachment":[{"href":"https:\/\/www.batchlab.de\/index.php?rest_route=%2Fwp%2Fv2%2Fmedia&parent=1479"}],"curies":[{"name":"wp","href":"https:\/\/api.w.org\/{rel}","templated":true}]}}